{"id":338,"date":"2024-02-08T07:00:16","date_gmt":"2024-02-08T07:00:16","guid":{"rendered":"http:\/\/prtest.ipowerworld.net\/?page_id=338"},"modified":"2024-02-23T11:19:03","modified_gmt":"2024-02-23T11:19:03","slug":"powerreport","status":"publish","type":"page","link":"http:\/\/prtest.ipowerworld.net\/index.php\/powerreport\/","title":{"rendered":"powerReport"},"content":{"rendered":"\n<div class=\"wp-block-group alignfull has-background-background-color has-background\" style=\"margin-top:0;margin-bottom:0;padding-top:0;padding-right:0;padding-left:0\"><div class=\"wp-block-group__inner-container is-layout-constrained wp-container-core-group-is-layout-97d4adcc wp-block-group-is-layout-constrained\">\n<div class=\"wp-block-cover alignfull ext-import\" style=\"padding-top:0;padding-right:var(--wp--preset--spacing--30);padding-bottom:0;padding-left:var(--wp--preset--spacing--30);min-height:50px;aspect-ratio:unset;\"><span aria-hidden=\"true\" class=\"wp-block-cover__background has-black-background-color has-background-dim-60 has-background-dim\"><\/span><img fetchpriority=\"high\" decoding=\"async\" width=\"626\" height=\"417\" class=\"wp-block-cover__image-background wp-image-65\" alt=\"\" src=\"http:\/\/prtest.ipowerworld.net\/wp-content\/uploads\/2024\/02\/infirmiere-portant-gommages-tout-travaillant-clinique_23-2149844697.png\" data-object-fit=\"cover\" srcset=\"http:\/\/prtest.ipowerworld.net\/wp-content\/uploads\/2024\/02\/infirmiere-portant-gommages-tout-travaillant-clinique_23-2149844697.png 626w, http:\/\/prtest.ipowerworld.net\/wp-content\/uploads\/2024\/02\/infirmiere-portant-gommages-tout-travaillant-clinique_23-2149844697-600x400.png 600w, http:\/\/prtest.ipowerworld.net\/wp-content\/uploads\/2024\/02\/infirmiere-portant-gommages-tout-travaillant-clinique_23-2149844697-300x200.png 300w\" sizes=\"(max-width: 626px) 100vw, 626px\" \/><div class=\"wp-block-cover__inner-container is-layout-flow wp-block-cover-is-layout-flow\">\n<div class=\"wp-block-group\" style=\"padding-top:var(--wp--preset--spacing--60);padding-bottom:var(--wp--preset--spacing--60)\"><div class=\"wp-block-group__inner-container is-layout-constrained wp-block-group-is-layout-constrained\">\n<div class=\"wp-block-columns alignwide are-vertically-aligned-center is-layout-flex wp-container-core-columns-is-layout-cf4855f5 wp-block-columns-is-layout-flex\">\n<div class=\"wp-block-column is-vertically-aligned-center is-layout-flow wp-block-column-is-layout-flow\">\n<h1 class=\"wp-block-heading has-text-color has-x-large-font-size\" style=\"color:#fffffffc\">T\u00e9l\u00e9chargez PowerReport -R\u00e9gisseurs et essayez-le d\u00e8s maintenant !<\/h1>\n<\/div>\n\n\n\n<div class=\"wp-block-column is-vertically-aligned-center is-layout-flow wp-block-column-is-layout-flow\">\n<p class=\"has-text-color\" style=\"color:#fffffffc\">La meilleure partie ? Vous pouvez essayer POWERREPRORT-REGISSEURS gratuitement avec notre version d&#8217;essai exclusive. D\u00e9couvrez par vous-m\u00eame comment notre logiciel peut vous faire \u00e9conomiser du temps pr\u00e9cieux et simplifier votre travail quotidien<\/p>\n<\/div>\n<\/div>\n<\/div><\/div>\n<\/div><\/div>\n<\/div><\/div>\n\n\n\n<h2 class=\"wp-block-heading\">                                         <\/h2>\n\n\n\n<h1 class=\"wp-block-heading has-text-align-center has-theme-palette-2-color has-text-color has-link-color wp-elements-ed7987ef08edf04ef77b4d516550d08f\">Demandez votre version d\u2019essai gratuite<\/h1>\n\n\n\n<hr class=\"wp-block-separator has-text-color has-theme-palette-2-color has-alpha-channel-opacity has-theme-palette-2-background-color has-background\"\/>\n\n\n<style id=\"wpforms-css-vars-root\">\n\t\t\t\t:root {\n\t\t\t\t\t--wpforms-field-border-radius: 3px;\n--wpforms-field-background-color: #ffffff;\n--wpforms-field-border-color: rgba( 0, 0, 0, 0.25 );\n--wpforms-field-text-color: rgba( 0, 0, 0, 0.7 );\n--wpforms-label-color: rgba( 0, 0, 0, 0.85 );\n--wpforms-label-sublabel-color: rgba( 0, 0, 0, 0.55 );\n--wpforms-label-error-color: #d63637;\n--wpforms-button-border-radius: 3px;\n--wpforms-button-background-color: #066aab;\n--wpforms-button-text-color: #ffffff;\n--wpforms-field-size-input-height: 43px;\n--wpforms-field-size-input-spacing: 15px;\n--wpforms-field-size-font-size: 16px;\n--wpforms-field-size-line-height: 19px;\n--wpforms-field-size-padding-h: 14px;\n--wpforms-field-size-checkbox-size: 16px;\n--wpforms-field-size-sublabel-spacing: 5px;\n--wpforms-field-size-icon-size: 1;\n--wpforms-label-size-font-size: 16px;\n--wpforms-label-size-line-height: 19px;\n--wpforms-label-size-sublabel-font-size: 14px;\n--wpforms-label-size-sublabel-line-height: 17px;\n--wpforms-button-size-font-size: 17px;\n--wpforms-button-size-height: 41px;\n--wpforms-button-size-padding-h: 15px;\n--wpforms-button-size-margin-top: 10px;\n\n\t\t\t\t}\n\t\t\t<\/style><div class=\"wpforms-container wpforms-container-full wpforms-block wpforms-block-4dcb0622-213d-4358-940f-68fff7bc8a3c wpforms-render-modern\" id=\"wpforms-454\"><form id=\"wpforms-form-454\" class=\"wpforms-validate wpforms-form wpforms-ajax-form\" data-formid=\"454\" method=\"post\" enctype=\"multipart\/form-data\" action=\"\/index.php\/wp-json\/wp\/v2\/pages\/338\" data-token=\"62ddf1f24e5086eee7407784890e9b08\"><noscript class=\"wpforms-error-noscript\">Veuillez activer JavaScript dans votre navigateur pour remplir ce formulaire.<\/noscript><div class=\"wpforms-hidden\" id=\"wpforms-error-noscript\">Veuillez activer JavaScript dans votre navigateur pour remplir ce formulaire.<\/div><div class=\"wpforms-field-container\"><div id=\"wpforms-454-field_0-container\" class=\"wpforms-field wpforms-field-name\" data-field-id=\"0\"><fieldset><legend class=\"wpforms-field-label\">Nom <span class=\"wpforms-required-label\" aria-hidden=\"true\">*<\/span><\/legend><div class=\"wpforms-field-row wpforms-field-medium\"><div class=\"wpforms-field-row-block wpforms-first wpforms-one-half\"><input type=\"text\" id=\"wpforms-454-field_0\" class=\"wpforms-field-name-first wpforms-field-required\" name=\"wpforms[fields][0][first]\" aria-errormessage=\"wpforms-454-field_0-error\" required><label for=\"wpforms-454-field_0\" class=\"wpforms-field-sublabel after \">Pr\u00e9nom<\/label><\/div><div class=\"wpforms-field-row-block wpforms-one-half\"><input type=\"text\" id=\"wpforms-454-field_0-last\" class=\"wpforms-field-name-last wpforms-field-required\" name=\"wpforms[fields][0][last]\" aria-errormessage=\"wpforms-454-field_0-last-error\" required><label for=\"wpforms-454-field_0-last\" class=\"wpforms-field-sublabel after \">Nom<\/label><\/div><\/div><\/fieldset><\/div><div id=\"wpforms-454-field_1-container\" class=\"wpforms-field wpforms-field-email\" data-field-id=\"1\"><label class=\"wpforms-field-label\" for=\"wpforms-454-field_1\">E-mail <span class=\"wpforms-required-label\" aria-hidden=\"true\">*<\/span><\/label><input type=\"email\" id=\"wpforms-454-field_1\" class=\"wpforms-field-medium wpforms-field-required\" name=\"wpforms[fields][1]\" spellcheck=\"false\" aria-errormessage=\"wpforms-454-field_1-error\" required><\/div><div id=\"wpforms-454-field_3-container\" class=\"wpforms-field wpforms-field-text\" data-field-id=\"3\"><label class=\"wpforms-field-label\" for=\"wpforms-454-field_3\">CMA <span class=\"wpforms-required-label\" aria-hidden=\"true\">*<\/span><\/label><input type=\"text\" id=\"wpforms-454-field_3\" class=\"wpforms-field-medium wpforms-field-required\" name=\"wpforms[fields][3]\" aria-errormessage=\"wpforms-454-field_3-error\" aria-describedby=\"wpforms-454-field_3-description\" required><div id=\"wpforms-454-field_3-description\" class=\"wpforms-field-description\">Centre de M\u00e9decine Ambulatoire<\/div><\/div><div id=\"wpforms-454-field_2-container\" class=\"wpforms-field wpforms-field-textarea\" data-field-id=\"2\"><label class=\"wpforms-field-label\" for=\"wpforms-454-field_2\">Commentaire ou message<\/label><textarea id=\"wpforms-454-field_2\" class=\"wpforms-field-medium\" name=\"wpforms[fields][2]\" aria-errormessage=\"wpforms-454-field_2-error\" ><\/textarea><\/div><\/div><!-- .wpforms-field-container --><div class=\"wpforms-submit-container\" ><input type=\"hidden\" name=\"wpforms[id]\" value=\"454\"><input type=\"hidden\" name=\"wpforms[author]\" value=\"1\"><button type=\"submit\" name=\"wpforms[submit]\" id=\"wpforms-submit-454\" class=\"wpforms-submit\" data-alt-text=\"Merci de ne pas fermer cette fen\u00eatre pendant que nous envoyons votre demande...\" data-submit-text=\"Demande de d\u00e9mo\" aria-live=\"assertive\" value=\"wpforms-submit\">Demande de d\u00e9mo<\/button><img decoding=\"async\" src=\"http:\/\/prtest.ipowerworld.net\/wp-content\/plugins\/wpforms-lite\/assets\/images\/submit-spin.svg\" class=\"wpforms-submit-spinner\" style=\"display: none;\" width=\"26\" height=\"26\" alt=\"Chargement en cours\"><\/div><\/form><\/div>  <!-- .wpforms-container -->\n\n\n<h1 class=\"wp-block-heading has-text-align-center has-theme-palette-2-color has-text-color has-link-color wp-elements-a6ea181d70183d3bb2db36c0aedb117c\">Optez pour la version compl\u00e8te de POWERREPRORT-REGISSEURS<\/h1>\n\n\n\n<div class=\"wp-block-columns is-layout-flex wp-container-core-columns-is-layout-9d6595d7 wp-block-columns-is-layout-flex\">\n<div class=\"wp-block-column is-layout-flow wp-block-column-is-layout-flow\">\n<h2 class=\"wp-block-heading\">PowerReport Regisseurs : Maximisez votre performance financi\u00e8re hospitali\u00e8re<\/h2>\n\n\n\n<p>D\u00e9bloquez tout le potentiel de gestion des revues dans les centres hospitaliers publics avec PowerReport Regisseurs. Notre logiciel offre une solution flexible et simple pour les r\u00e9gisseurs et leurs sup\u00e9rieurs, en fournissant une visibilit\u00e9 claire des revenus journaliers de l\u2019h\u00f4pital. Avec PowerReport Regisseurs, vous b\u00e9n\u00e9ficiez des fonctionnalit\u00e9s suivantes :<\/p>\n\n\n\n<ul class=\"wp-block-list\">\n<li>Saisie des revenus : Enregistrez les revenus journaliers selon les d\u00e9partements en une seule fois, simplifiant ainsi le processus.<\/li>\n\n\n\n<li>G\u00e9n\u00e9rateur automatique des d\u00e9cades : Les revenus sont automatiquement regroup\u00e9s par d\u00e9cade, permettant une analyse instantan\u00e9e des donn\u00e9es.<\/li>\n\n\n\n<li>G\u00e9n\u00e9rateur de rapports : Les rapports mensuels et annuels sont g\u00e9n\u00e9r\u00e9s automatiquement au fur et \u00e0 mesure que les donn\u00e9es sont saisies.<\/li>\n\n\n\n<li>Suivi mensuel des transferts : Visualisez facilement le montant des fonds d\u00e9j\u00e0 transf\u00e9r\u00e9s dans chaque rubrique par mois et par d\u00e9cade.<\/li>\n\n\n\n<li>Saisies des op\u00e9rations de transfert des fonds collect\u00e9s : Saisissez les affectations des fonds et g\u00e9n\u00e9rez les rapports subs\u00e9quents en toute simplicit\u00e9.<\/li>\n\n\n\n<li>Analyse des donn\u00e9es : B\u00e9n\u00e9ficiez de diff\u00e9rents types de rapports d\u2019analyse pour suivre l\u2019activit\u00e9 de mani\u00e8re approfondie.<\/li>\n<\/ul>\n<\/div>\n\n\n\n<div class=\"wp-block-column is-vertically-aligned-center is-layout-flow wp-block-column-is-layout-flow\">\n<figure class=\"wp-block-embed is-type-video is-provider-youtube wp-block-embed-youtube wp-embed-aspect-16-9 wp-has-aspect-ratio\"><div class=\"wp-block-embed__wrapper\">\n<iframe title=\"PowerERP\" width=\"720\" height=\"405\" src=\"https:\/\/www.youtube.com\/embed\/WMOJ5dQDwCk?feature=oembed\" frameborder=\"0\" allow=\"accelerometer; autoplay; clipboard-write; encrypted-media; gyroscope; picture-in-picture; web-share\" allowfullscreen><\/iframe>\n<\/div><\/figure>\n<\/div>\n<\/div>\n\n\n\n<div class=\"wp-block-uagb-buttons uagb-buttons__outer-wrap uagb-btn__default-btn uagb-btn-tablet__default-btn uagb-btn-mobile__default-btn uagb-block-b3616e86\"><div class=\"uagb-buttons__wrap uagb-buttons-layout-wrap\">\n<div class=\"wp-block-uagb-buttons-child uagb-buttons__outer-wrap uagb-block-c12097f0 wp-block-button\"><div class=\"uagb-button__wrapper\"><a class=\"uagb-buttons-repeater wp-block-button__link\" href=\"http:\/\/prtest.ipowerworld.net\/index.php\/commander\/\" onclick=\"return true;\" rel=\"follow noopener\" target=\"_self\"><div class=\"uagb-button__link\">ACHETER<\/div><\/a><\/div><\/div>\n<\/div><\/div>\n\n\n\n<h1 class=\"wp-block-heading has-text-align-center has-theme-palette-2-color has-text-color has-link-color wp-elements-282b350a50d0ecf8c2771bf003cd06fb\">Optimisez vos revenus avec PowerReport Regisseurs : Obtenez-le d\u00e8s maintenant !<\/h1>\n\n\n\n<p class=\"has-text-align-center\">Simplifiez la gestion des revenus hospitaliers avec PowerReport Regisseurs. Notre logiciel puissant et intuitif vous permet de collecter les revenus, de suivre les transferts et de g\u00e9n\u00e9rer des rapports d\u00e9taill\u00e9s. Obtenez une visibilit\u00e9 sans pr\u00e9c\u00e9dent sur vos finances hospitali\u00e8res pour une performance optimale. D\u00e9couvrez comment PowerReport Regisseurs peut transformer votre gestion financi\u00e8re d\u00e8s aujourd\u2019hui !<\/p>\n\n\n\n<div class=\"wp-block-uagb-buttons uagb-buttons__outer-wrap uagb-btn__default-btn uagb-btn-tablet__default-btn uagb-btn-mobile__default-btn uagb-block-10ef3968\"><div class=\"uagb-buttons__wrap uagb-buttons-layout-wrap\">\n<div class=\"wp-block-uagb-buttons-child uagb-buttons__outer-wrap uagb-block-14c56ff1 wp-block-button\"><div class=\"uagb-button__wrapper\"><a class=\"uagb-buttons-repeater wp-block-button__link\" href=\"#\" onclick=\"return false;\" rel=\"follow noopener\" target=\"_self\"><div class=\"uagb-button__link\"><a>Obtenez PowerReport Regisseurs maintenant<\/a><\/div><\/a><\/div><\/div>\n\n\n\n<div class=\"wp-block-uagb-buttons-child uagb-buttons__outer-wrap uagb-block-66170c02 wp-block-button\"><div class=\"uagb-button__wrapper\"><a class=\"uagb-buttons-repeater wp-block-button__link\" href=\"#\" onclick=\"return false;\" rel=\"follow noopener\" target=\"_self\"><div class=\"uagb-button__link\">Nous Contacter<\/div><\/a><\/div><\/div>\n<\/div><\/div>\n","protected":false},"excerpt":{"rendered":"<p>Demandez votre version d\u2019essai gratuite Optez pour la version compl\u00e8te de POWERREPRORT-REGISSEURS PowerReport Regisseurs : Maximisez votre performance financi\u00e8re hospitali\u00e8re D\u00e9bloquez tout le potentiel de gestion des revues dans les centres hospitaliers publics avec PowerReport Regisseurs. Notre logiciel offre une solution flexible et simple pour les r\u00e9gisseurs et leurs sup\u00e9rieurs, en fournissant une visibilit\u00e9 claire&#8230;<\/p>\n","protected":false},"author":1,"featured_media":0,"parent":0,"menu_order":0,"comment_status":"closed","ping_status":"closed","template":"","meta":{"_uag_custom_page_level_css":"","_kad_post_transparent":"default","_kad_post_title":"hide","_kad_post_layout":"","_kad_post_sidebar_id":"","_kad_post_content_style":"","_kad_post_vertical_padding":"","_kad_post_feature":"","_kad_post_feature_position":"","_kad_post_header":false,"_kad_post_footer":false,"footnotes":""},"class_list":["post-338","page","type-page","status-publish","hentry"],"jetpack_sharing_enabled":true,"uagb_featured_image_src":{"full":false,"thumbnail":false,"medium":false,"medium_large":false,"large":false,"1536x1536":false,"2048x2048":false,"mailpoet_newsletter_max":false,"woocommerce_thumbnail":false,"woocommerce_single":false,"woocommerce_gallery_thumbnail":false},"uagb_author_info":{"display_name":"MICHEL","author_link":"http:\/\/prtest.ipowerworld.net\/index.php\/author\/michel\/"},"uagb_comment_info":0,"uagb_excerpt":"Demandez votre version d\u2019essai gratuite Optez pour la version compl\u00e8te de POWERREPRORT-REGISSEURS PowerReport Regisseurs : Maximisez votre performance financi\u00e8re hospitali\u00e8re D\u00e9bloquez tout le potentiel de gestion des revues dans les centres hospitaliers publics avec PowerReport Regisseurs. Notre logiciel offre une solution flexible et simple pour les r\u00e9gisseurs et leurs sup\u00e9rieurs, en fournissant une visibilit\u00e9 claire...","_links":{"self":[{"href":"http:\/\/prtest.ipowerworld.net\/index.php\/wp-json\/wp\/v2\/pages\/338","targetHints":{"allow":["GET"]}}],"collection":[{"href":"http:\/\/prtest.ipowerworld.net\/index.php\/wp-json\/wp\/v2\/pages"}],"about":[{"href":"http:\/\/prtest.ipowerworld.net\/index.php\/wp-json\/wp\/v2\/types\/page"}],"author":[{"embeddable":true,"href":"http:\/\/prtest.ipowerworld.net\/index.php\/wp-json\/wp\/v2\/users\/1"}],"replies":[{"embeddable":true,"href":"http:\/\/prtest.ipowerworld.net\/index.php\/wp-json\/wp\/v2\/comments?post=338"}],"version-history":[{"count":26,"href":"http:\/\/prtest.ipowerworld.net\/index.php\/wp-json\/wp\/v2\/pages\/338\/revisions"}],"predecessor-version":[{"id":499,"href":"http:\/\/prtest.ipowerworld.net\/index.php\/wp-json\/wp\/v2\/pages\/338\/revisions\/499"}],"wp:attachment":[{"href":"http:\/\/prtest.ipowerworld.net\/index.php\/wp-json\/wp\/v2\/media?parent=338"}],"curies":[{"name":"wp","href":"https:\/\/api.w.org\/{rel}","templated":true}]}}