{"id":7,"date":"2024-02-04T14:53:09","date_gmt":"2024-02-04T14:53:09","guid":{"rendered":"http:\/\/prtest.ipowerworld.net\/?page_id=7"},"modified":"2024-02-09T06:11:58","modified_gmt":"2024-02-09T06:11:58","slug":"accueil","status":"publish","type":"page","link":"https:\/\/prtest.ipowerworld.net\/","title":{"rendered":"Accueil"},"content":{"rendered":"\n<div class=\"wp-block-uagb-container uagb-block-bc19db45 alignfull uagb-is-root-container\">\n<div class=\"wp-block-uagb-info-box uagb-block-0421275b uagb-infobox__content-wrap  uagb-infobox-icon-above-title uagb-infobox-image-valign-top\"><div class=\"uagb-ifb-content\"><div class=\"uagb-ifb-icon-wrap\"><svg xmlns=\"https:\/\/www.w3.org\/2000\/svg\" viewBox=\"0 0 512 512\"><path d=\"M0 256C0 114.6 114.6 0 256 0C397.4 0 512 114.6 512 256C512 397.4 397.4 512 256 512C114.6 512 0 397.4 0 256zM371.8 211.8C382.7 200.9 382.7 183.1 371.8 172.2C360.9 161.3 343.1 161.3 332.2 172.2L224 280.4L179.8 236.2C168.9 225.3 151.1 225.3 140.2 236.2C129.3 247.1 129.3 264.9 140.2 275.8L204.2 339.8C215.1 350.7 232.9 350.7 243.8 339.8L371.8 211.8z\"><\/path><\/svg><\/div><div class=\"uagb-ifb-title-wrap\"><h1 class=\"uagb-ifb-title\"><strong>Boostez l&#8217;efficacit\u00e9 de votre h\u00f4pital avec PowerREPORT-REGISSEURS !<\/strong><\/h1><\/div><p class=\"uagb-ifb-desc\"><strong> Simplifiez la gestion de vos revenus journaliers et maximisez votre visibilit\u00e9 financi\u00e8re.<\/strong><\/p><\/div><\/div>\n\n\n\n<div class=\"wp-block-uagb-buttons uagb-buttons__outer-wrap uagb-btn__default-btn uagb-btn-tablet__default-btn uagb-btn-mobile__default-btn uagb-block-6df41d52\"><div class=\"uagb-buttons__wrap uagb-buttons-layout-wrap\">\n<div class=\"wp-block-uagb-buttons-child uagb-buttons__outer-wrap uagb-block-ec41ceed wp-block-button\"><div class=\"uagb-button__wrapper\"><a class=\"uagb-buttons-repeater wp-block-button__link\" href=\"http:\/\/prtest.ipowerworld.net\/index.php\/powerreport\/\" onclick=\"return true;\" rel=\"follow noopener\" target=\"_self\"><div class=\"uagb-button__link\">En savoir plus<\/div><\/a><\/div><\/div>\n<\/div><\/div>\n<\/div>\n\n\n\n<div class=\"wp-block-uagb-container uagb-block-eba07436 alignfull uagb-is-root-container\"><div class=\"uagb-container-inner-blocks-wrap\">\n<div class=\"wp-block-uagb-container uagb-block-b804ac9d\">\n<div class=\"wp-block-uagb-container uagb-block-3f590b61\">\n<div class=\"wp-block-uagb-info-box uagb-block-dbe93213 uagb-infobox__content-wrap  uagb-infobox-icon-above-title uagb-infobox-image-valign-top\"><div class=\"uagb-ifb-content\"><div class=\"uagb-ifb-icon-wrap\"><svg xmlns=\"https:\/\/www.w3.org\/2000\/svg\" viewBox=\"0 0 512 512\"><path d=\"M187.7 153.7c-34 0-61.7 25.7-61.7 57.7 0 31.7 27.7 57.7 61.7 57.7s61.7-26 61.7-57.7c0-32-27.7-57.7-61.7-57.7zm143.4 0c-34 0-61.7 25.7-61.7 57.7 0 31.7 27.7 57.7 61.7 57.7 34.3 0 61.7-26 61.7-57.7 .1-32-27.4-57.7-61.7-57.7zm156.6 90l-6 4.3V49.7c0-27.4-20.6-49.7-46-49.7H76.6c-25.4 0-46 22.3-46 49.7V248c-2-1.4-4.3-2.9-6.3-4.3-15.1-10.6-25.1 4-16 17.7 18.3 22.6 53.1 50.3 106.3 72C58.3 525.1 252 555.7 248.9 457.5c0-.7 .3-56.6 .3-96.6 5.1 1.1 9.4 2.3 13.7 3.1 0 39.7 .3 92.8 .3 93.5-3.1 98.3 190.6 67.7 134.3-124 53.1-21.7 88-49.4 106.3-72 9.1-13.8-.9-28.3-16.1-17.8zm-30.5 19.2c-68.9 37.4-128.3 31.1-160.6 29.7-23.7-.9-32.6 9.1-33.7 24.9-10.3-7.7-18.6-15.5-20.3-17.1-5.1-5.4-13.7-8-27.1-7.7-31.7 1.1-89.7 7.4-157.4-28V72.3c0-34.9 8.9-45.7 40.6-45.7h317.7c30.3 0 40.9 12.9 40.9 45.7v190.6z\"><\/path><\/svg><\/div><div class=\"uagb-ifb-title-wrap\"><h3 class=\"uagb-ifb-title\"><a href=\"http:\/\/localhost\/PR-WEBSITE\/wordpress\/?customize_changeset_uuid=a2f60ce2-d900-488d-b2a4-fae929cdca19&amp;customize_autosaved=on#\">Saisie des revenus<\/a><\/h3><\/div><p class=\"uagb-ifb-desc\">journaliers selon les d\u00e9partements en une seule fois<\/p><\/div><\/div>\n<\/div>\n\n\n\n<div class=\"wp-block-uagb-container uagb-block-4d0d43f3\">\n<div class=\"wp-block-uagb-info-box uagb-block-54848c49 uagb-infobox__content-wrap  uagb-infobox-icon-above-title uagb-infobox-image-valign-top\"><div class=\"uagb-ifb-content\"><div class=\"uagb-ifb-icon-wrap\"><svg xmlns=\"https:\/\/www.w3.org\/2000\/svg\" viewBox=\"0 0 512 512\"><path d=\"M512 288c0 35.35-21.49 64-48 64c-32.43 0-31.72-32-55.64-32C394.9 320 384 330.9 384 344.4V480c0 17.67-14.33 32-32 32h-71.64C266.9 512 256 501.1 256 487.6C256 463.1 288 464.4 288 432c0-26.51-28.65-48-64-48s-64 21.49-64 48c0 32.43 32 31.72 32 55.64C192 501.1 181.1 512 167.6 512H32c-17.67 0-32-14.33-32-32v-135.6C0 330.9 10.91 320 24.36 320C48.05 320 47.6 352 80 352C106.5 352 128 323.3 128 288S106.5 223.1 80 223.1c-32.43 0-31.72 32-55.64 32C10.91 255.1 0 245.1 0 231.6v-71.64c0-17.67 14.33-31.1 32-31.1h135.6C181.1 127.1 192 117.1 192 103.6c0-23.69-32-23.24-32-55.64c0-26.51 28.65-47.1 64-47.1s64 21.49 64 47.1c0 32.43-32 31.72-32 55.64c0 13.45 10.91 24.36 24.36 24.36H352c17.67 0 32 14.33 32 31.1v71.64c0 13.45 10.91 24.36 24.36 24.36c23.69 0 23.24-32 55.64-32C490.5 223.1 512 252.7 512 288z\"><\/path><\/svg><\/div><div class=\"uagb-ifb-title-wrap\"><h3 class=\"uagb-ifb-title\"><a href=\"http:\/\/localhost\/PR-WEBSITE\/wordpress\/?customize_changeset_uuid=a2f60ce2-d900-488d-b2a4-fae929cdca19&amp;customize_autosaved=on#\">G\u00e9n\u00e9rateur automatique des d\u00e9cades<\/a><\/h3><\/div><p class=\"uagb-ifb-desc\"> Regroupement automatique des revenus par d\u00e9cades et analyse instantan\u00e9e de la d\u00e9cade<\/p><\/div><\/div>\n<\/div>\n\n\n\n<div class=\"wp-block-uagb-container uagb-block-b8d868b5\">\n<div class=\"wp-block-uagb-info-box uagb-block-d29586c8 uagb-infobox__content-wrap  uagb-infobox-icon-above-title uagb-infobox-image-valign-top\"><div class=\"uagb-ifb-content\"><div class=\"uagb-ifb-icon-wrap\"><svg xmlns=\"https:\/\/www.w3.org\/2000\/svg\" viewBox=\"0 0 512 512\"><path d=\"M234.5 5.709C248.4 .7377 263.6 .7377 277.5 5.709L469.5 74.28C494.1 83.38 512 107.5 512 134.6V377.4C512 404.5 494.1 428.6 469.5 437.7L277.5 506.3C263.6 511.3 248.4 511.3 234.5 506.3L42.47 437.7C17 428.6 0 404.5 0 377.4V134.6C0 107.5 17 83.38 42.47 74.28L234.5 5.709zM256 65.98L82.34 128L256 190L429.7 128L256 65.98zM288 434.6L448 377.4V189.4L288 246.6V434.6z\"><\/path><\/svg><\/div><div class=\"uagb-ifb-title-wrap\"><h3 class=\"uagb-ifb-title\"><a href=\"http:\/\/localhost\/PR-WEBSITE\/wordpress\/?customize_changeset_uuid=a2f60ce2-d900-488d-b2a4-fae929cdca19&amp;customize_autosaved=on#\">G\u00e9n\u00e9rateur de rapports<\/a><\/h3><\/div><p class=\"uagb-ifb-desc\">G\u00e9n\u00e9ration automatique des rapports mensuels et annuels<\/p><\/div><\/div>\n<\/div>\n<\/div>\n<\/div><\/div>\n\n\n\n<div class=\"wp-block-group alignfull has-background\" style=\"background-color:#2a6bb03b;margin-top:0;margin-bottom:0;padding-top:var(--wp--preset--spacing--50);padding-right:var(--wp--preset--spacing--30);padding-bottom:var(--wp--preset--spacing--60);padding-left:var(--wp--preset--spacing--30)\"><div class=\"wp-block-group__inner-container is-layout-constrained wp-container-core-group-is-layout-8d1c59b2 wp-block-group-is-layout-constrained\">\n<h2 class=\"wp-block-heading has-text-align-center has-theme-palette-1-color has-text-color has-link-color wp-elements-689b8aa90af457106c564c51103dfd5e\">A PROPOS DE NOTRE PRODUIT<\/h2>\n\n\n\n<p class=\"has-text-align-center\">Gestion de la collecte et du dispatching des revenus<\/p>\n\n\n\n<div class=\"wp-block-columns alignwide are-vertically-aligned-center is-layout-flex wp-container-core-columns-is-layout-1bf2d58a wp-block-columns-is-layout-flex\" style=\"padding-top:0;padding-right:var(--wp--preset--spacing--80);padding-bottom:0;padding-left:var(--wp--preset--spacing--80)\">\n<div class=\"wp-block-column is-vertically-aligned-center is-layout-flow wp-block-column-is-layout-flow\" style=\"padding-left:var(--wp--preset--spacing--60);flex-basis:500px\">\n<figure class=\"wp-block-image size-full is-resized ext-aspect-portrait ext-import\"><img fetchpriority=\"high\" decoding=\"async\" width=\"626\" height=\"447\" src=\"http:\/\/prtest.ipowerworld.net\/wp-content\/uploads\/2024\/02\/agents-sante-coup-moyen-hopital_23-2148894886.png\" alt=\"\" class=\"wp-image-86\" style=\"aspect-ratio:4\/3;object-fit:cover;width:500px\" srcset=\"https:\/\/prtest.ipowerworld.net\/wp-content\/uploads\/2024\/02\/agents-sante-coup-moyen-hopital_23-2148894886.png 626w, https:\/\/prtest.ipowerworld.net\/wp-content\/uploads\/2024\/02\/agents-sante-coup-moyen-hopital_23-2148894886-600x428.png 600w, https:\/\/prtest.ipowerworld.net\/wp-content\/uploads\/2024\/02\/agents-sante-coup-moyen-hopital_23-2148894886-300x214.png 300w\" sizes=\"(max-width: 626px) 100vw, 626px\" \/><\/figure>\n<\/div>\n\n\n\n<div class=\"wp-block-column is-vertically-aligned-center is-layout-flow wp-block-column-is-layout-flow\" style=\"padding-top:0;padding-right:0rem;padding-bottom:0;padding-left:2.1rem\">\n<div class=\"wp-block-group\"><div class=\"wp-block-group__inner-container is-layout-constrained wp-block-group-is-layout-constrained\">\n<h1 class=\"wp-block-heading\">Nous sommes partenaires de vos&nbsp;Innovations<\/h1>\n\n\n\n<p style=\"margin-top:16px\">POWERREPORT-REGISSEURS est un logiciel de gestion des revenus des centres hospitaliers publics. Nous comprenons les d\u00e9fis uniques pour la visibilit\u00e9 des revenus d&#8217;un h\u00f4pital et nous sommes engag\u00e9s a vous fournir une solution flexible et simple pour les r\u00e9gisseurs et leurs sup\u00e9rieurs.<\/p>\n\n\n\n<div class=\"wp-block-buttons is-layout-flex wp-block-buttons-is-layout-flex\" style=\"margin-top:var(--wp--preset--spacing--40)\">\n<div class=\"wp-block-button is-style-fill\"><a class=\"wp-block-button__link wp-element-button\" href=\"http:\/\/prtest.ipowerworld.net\/index.php\/a-propos\/\">En savoir plus<\/a><\/div>\n\n\n\n<div class=\"wp-block-button is-style-outline is-style-outline--1\"><a class=\"wp-block-button__link wp-element-button\">Essayer le logiciel<\/a><\/div>\n<\/div>\n<\/div><\/div>\n<\/div>\n<\/div>\n<\/div><\/div>\n\n\n\n<div class=\"wp-block-group alignfull has-theme-palette-9-background-color has-background\" style=\"margin-top:0;margin-bottom:0;padding-top:var(--wp--preset--spacing--60);padding-right:0;padding-bottom:var(--wp--preset--spacing--60);padding-left:var(--wp--preset--spacing--80)\"><div class=\"wp-block-group__inner-container is-layout-constrained wp-container-core-group-is-layout-e309b9d9 wp-block-group-is-layout-constrained\">\n<div class=\"wp-block-group alignwide is-content-justification-left\"><div class=\"wp-block-group__inner-container is-layout-constrained wp-container-core-group-is-layout-eded1d97 wp-block-group-is-layout-constrained\">\n<h2 class=\"wp-block-heading has-text-align-center has-theme-palette-1-color has-text-color has-link-color wp-elements-be81809053cba3153580d595bbbc8ee5\" style=\"text-transform:uppercase\">Apportez une valeur exceptionnelle a votre\u00a0hopital <\/h2>\n\n\n\n<p class=\"has-text-align-center\" style=\"margin-top:16px;padding-right:var(--wp--preset--spacing--70);padding-left:var(--wp--preset--spacing--70)\">Nous comprenons les d\u00e9fis uniques pour la visibilit\u00e9 des revues journaliers des revenus d&#8217;un h\u00f4pital et nous sommes engag\u00e9s \u00e0 vous fournir une solution flexible et  simple pour les r\u00e9gisseurs et leurs sup\u00e9rieurs.<\/p>\n<\/div><\/div>\n\n\n\n<div class=\"wp-block-columns alignwide is-layout-flex wp-container-core-columns-is-layout-5e42e5f8 wp-block-columns-is-layout-flex\" style=\"margin-top:var(--wp--preset--spacing--50);padding-left:var(--wp--preset--spacing--70)\">\n<div class=\"wp-block-column is-layout-flow wp-block-column-is-layout-flow\">\n<figure data-wp-context=\"{&quot;imageId&quot;:&quot;69edbc24598d5&quot;}\" data-wp-interactive=\"core\/image\" data-wp-key=\"69edbc24598d5\" class=\"wp-block-image size-large is-resized ext-import wp-lightbox-container\"><img decoding=\"async\" width=\"1024\" height=\"315\" data-wp-class--hide=\"state.isContentHidden\" data-wp-class--show=\"state.isContentVisible\" data-wp-init=\"callbacks.setButtonStyles\" data-wp-on--click=\"actions.showLightbox\" data-wp-on--load=\"callbacks.setButtonStyles\" data-wp-on-window--resize=\"callbacks.setButtonStyles\" src=\"http:\/\/prtest.ipowerworld.net\/wp-content\/uploads\/2024\/02\/Capture-decran-2024-02-06-094553-1024x315.png\" alt=\"\" class=\"wp-image-139\" style=\"width:517px;height:auto\" srcset=\"https:\/\/prtest.ipowerworld.net\/wp-content\/uploads\/2024\/02\/Capture-decran-2024-02-06-094553-1024x315.png 1024w, https:\/\/prtest.ipowerworld.net\/wp-content\/uploads\/2024\/02\/Capture-decran-2024-02-06-094553-600x184.png 600w, https:\/\/prtest.ipowerworld.net\/wp-content\/uploads\/2024\/02\/Capture-decran-2024-02-06-094553-300x92.png 300w, https:\/\/prtest.ipowerworld.net\/wp-content\/uploads\/2024\/02\/Capture-decran-2024-02-06-094553-768x236.png 768w, https:\/\/prtest.ipowerworld.net\/wp-content\/uploads\/2024\/02\/Capture-decran-2024-02-06-094553.png 1325w\" sizes=\"(max-width: 1024px) 100vw, 1024px\" \/><button\n\t\t\tclass=\"lightbox-trigger\"\n\t\t\ttype=\"button\"\n\t\t\taria-haspopup=\"dialog\"\n\t\t\taria-label=\"Agrandir\"\n\t\t\tdata-wp-init=\"callbacks.initTriggerButton\"\n\t\t\tdata-wp-on--click=\"actions.showLightbox\"\n\t\t\tdata-wp-style--right=\"state.imageButtonRight\"\n\t\t\tdata-wp-style--top=\"state.imageButtonTop\"\n\t\t>\n\t\t\t<svg xmlns=\"http:\/\/www.w3.org\/2000\/svg\" width=\"12\" height=\"12\" fill=\"none\" viewBox=\"0 0 12 12\">\n\t\t\t\t<path fill=\"#fff\" d=\"M2 0a2 2 0 0 0-2 2v2h1.5V2a.5.5 0 0 1 .5-.5h2V0H2Zm2 10.5H2a.5.5 0 0 1-.5-.5V8H0v2a2 2 0 0 0 2 2h2v-1.5ZM8 12v-1.5h2a.5.5 0 0 0 .5-.5V8H12v2a2 2 0 0 1-2 2H8Zm2-12a2 2 0 0 1 2 2v2h-1.5V2a.5.5 0 0 0-.5-.5H8V0h2Z\" \/>\n\t\t\t<\/svg>\n\t\t<\/button><\/figure>\n\n\n\n<h3 class=\"wp-block-heading has-medium-font-size\" style=\"margin-top:12px\">Saisie des revenus journaliers<\/h3>\n<\/div>\n\n\n\n<div class=\"wp-block-column is-layout-flow wp-block-column-is-layout-flow\">\n<figure data-wp-context=\"{&quot;imageId&quot;:&quot;69edbc2459d75&quot;}\" data-wp-interactive=\"core\/image\" data-wp-key=\"69edbc2459d75\" class=\"wp-block-image size-full is-resized ext-import wp-lightbox-container\"><img decoding=\"async\" width=\"931\" height=\"394\" data-wp-class--hide=\"state.isContentHidden\" data-wp-class--show=\"state.isContentVisible\" data-wp-init=\"callbacks.setButtonStyles\" data-wp-on--click=\"actions.showLightbox\" data-wp-on--load=\"callbacks.setButtonStyles\" data-wp-on-window--resize=\"callbacks.setButtonStyles\" src=\"http:\/\/prtest.ipowerworld.net\/wp-content\/uploads\/2024\/02\/Capture-decran-2024-02-06-094958.png\" alt=\"\" class=\"wp-image-141\" style=\"width:514px;height:auto\" srcset=\"https:\/\/prtest.ipowerworld.net\/wp-content\/uploads\/2024\/02\/Capture-decran-2024-02-06-094958.png 931w, https:\/\/prtest.ipowerworld.net\/wp-content\/uploads\/2024\/02\/Capture-decran-2024-02-06-094958-600x254.png 600w, https:\/\/prtest.ipowerworld.net\/wp-content\/uploads\/2024\/02\/Capture-decran-2024-02-06-094958-300x127.png 300w, https:\/\/prtest.ipowerworld.net\/wp-content\/uploads\/2024\/02\/Capture-decran-2024-02-06-094958-768x325.png 768w\" sizes=\"(max-width: 931px) 100vw, 931px\" \/><button\n\t\t\tclass=\"lightbox-trigger\"\n\t\t\ttype=\"button\"\n\t\t\taria-haspopup=\"dialog\"\n\t\t\taria-label=\"Agrandir\"\n\t\t\tdata-wp-init=\"callbacks.initTriggerButton\"\n\t\t\tdata-wp-on--click=\"actions.showLightbox\"\n\t\t\tdata-wp-style--right=\"state.imageButtonRight\"\n\t\t\tdata-wp-style--top=\"state.imageButtonTop\"\n\t\t>\n\t\t\t<svg xmlns=\"http:\/\/www.w3.org\/2000\/svg\" width=\"12\" height=\"12\" fill=\"none\" viewBox=\"0 0 12 12\">\n\t\t\t\t<path fill=\"#fff\" d=\"M2 0a2 2 0 0 0-2 2v2h1.5V2a.5.5 0 0 1 .5-.5h2V0H2Zm2 10.5H2a.5.5 0 0 1-.5-.5V8H0v2a2 2 0 0 0 2 2h2v-1.5ZM8 12v-1.5h2a.5.5 0 0 0 .5-.5V8H12v2a2 2 0 0 1-2 2H8Zm2-12a2 2 0 0 1 2 2v2h-1.5V2a.5.5 0 0 0-.5-.5H8V0h2Z\" \/>\n\t\t\t<\/svg>\n\t\t<\/button><\/figure>\n\n\n\n<h3 class=\"wp-block-heading has-medium-font-size\" style=\"margin-top:12px\">Mouvements financiers mensuels<\/h3>\n<\/div>\n<\/div>\n\n\n\n<div class=\"wp-block-columns alignwide is-layout-flex wp-container-core-columns-is-layout-a8199ea7 wp-block-columns-is-layout-flex\" style=\"margin-top:var(--wp--preset--spacing--50);padding-right:var(--wp--preset--spacing--70);padding-left:var(--wp--preset--spacing--70)\">\n<div class=\"wp-block-column is-layout-flow wp-block-column-is-layout-flow\">\n<figure data-wp-context=\"{&quot;imageId&quot;:&quot;69edbc245a168&quot;}\" data-wp-interactive=\"core\/image\" data-wp-key=\"69edbc245a168\" class=\"wp-block-image size-full is-resized ext-import wp-lightbox-container\"><img loading=\"lazy\" decoding=\"async\" width=\"872\" height=\"220\" data-wp-class--hide=\"state.isContentHidden\" data-wp-class--show=\"state.isContentVisible\" data-wp-init=\"callbacks.setButtonStyles\" data-wp-on--click=\"actions.showLightbox\" data-wp-on--load=\"callbacks.setButtonStyles\" data-wp-on-window--resize=\"callbacks.setButtonStyles\" src=\"http:\/\/prtest.ipowerworld.net\/wp-content\/uploads\/2024\/02\/Capture-decran-2024-02-06-095038.png\" alt=\"\" class=\"wp-image-143\" style=\"width:514px;height:auto\" srcset=\"https:\/\/prtest.ipowerworld.net\/wp-content\/uploads\/2024\/02\/Capture-decran-2024-02-06-095038.png 872w, https:\/\/prtest.ipowerworld.net\/wp-content\/uploads\/2024\/02\/Capture-decran-2024-02-06-095038-600x151.png 600w, https:\/\/prtest.ipowerworld.net\/wp-content\/uploads\/2024\/02\/Capture-decran-2024-02-06-095038-300x76.png 300w, https:\/\/prtest.ipowerworld.net\/wp-content\/uploads\/2024\/02\/Capture-decran-2024-02-06-095038-768x194.png 768w\" sizes=\"(max-width: 872px) 100vw, 872px\" \/><button\n\t\t\tclass=\"lightbox-trigger\"\n\t\t\ttype=\"button\"\n\t\t\taria-haspopup=\"dialog\"\n\t\t\taria-label=\"Agrandir\"\n\t\t\tdata-wp-init=\"callbacks.initTriggerButton\"\n\t\t\tdata-wp-on--click=\"actions.showLightbox\"\n\t\t\tdata-wp-style--right=\"state.imageButtonRight\"\n\t\t\tdata-wp-style--top=\"state.imageButtonTop\"\n\t\t>\n\t\t\t<svg xmlns=\"http:\/\/www.w3.org\/2000\/svg\" width=\"12\" height=\"12\" fill=\"none\" viewBox=\"0 0 12 12\">\n\t\t\t\t<path fill=\"#fff\" d=\"M2 0a2 2 0 0 0-2 2v2h1.5V2a.5.5 0 0 1 .5-.5h2V0H2Zm2 10.5H2a.5.5 0 0 1-.5-.5V8H0v2a2 2 0 0 0 2 2h2v-1.5ZM8 12v-1.5h2a.5.5 0 0 0 .5-.5V8H12v2a2 2 0 0 1-2 2H8Zm2-12a2 2 0 0 1 2 2v2h-1.5V2a.5.5 0 0 0-.5-.5H8V0h2Z\" \/>\n\t\t\t<\/svg>\n\t\t<\/button><\/figure>\n\n\n\n<h3 class=\"wp-block-heading has-medium-font-size\" style=\"margin-top:12px\">Saisie des revenus quotidiens<\/h3>\n<\/div>\n\n\n\n<div class=\"wp-block-column is-layout-flow wp-block-column-is-layout-flow\">\n<figure data-wp-context=\"{&quot;imageId&quot;:&quot;69edbc245a4cf&quot;}\" data-wp-interactive=\"core\/image\" data-wp-key=\"69edbc245a4cf\" class=\"wp-block-image size-large is-resized ext-import wp-lightbox-container\"><img loading=\"lazy\" decoding=\"async\" width=\"1024\" height=\"290\" data-wp-class--hide=\"state.isContentHidden\" data-wp-class--show=\"state.isContentVisible\" data-wp-init=\"callbacks.setButtonStyles\" data-wp-on--click=\"actions.showLightbox\" data-wp-on--load=\"callbacks.setButtonStyles\" data-wp-on-window--resize=\"callbacks.setButtonStyles\" src=\"http:\/\/prtest.ipowerworld.net\/wp-content\/uploads\/2024\/02\/Capture-decran-2024-02-06-095141-1024x290.png\" alt=\"\" class=\"wp-image-144\" style=\"width:517px;height:auto\" srcset=\"https:\/\/prtest.ipowerworld.net\/wp-content\/uploads\/2024\/02\/Capture-decran-2024-02-06-095141-1024x290.png 1024w, https:\/\/prtest.ipowerworld.net\/wp-content\/uploads\/2024\/02\/Capture-decran-2024-02-06-095141-600x170.png 600w, https:\/\/prtest.ipowerworld.net\/wp-content\/uploads\/2024\/02\/Capture-decran-2024-02-06-095141-300x85.png 300w, https:\/\/prtest.ipowerworld.net\/wp-content\/uploads\/2024\/02\/Capture-decran-2024-02-06-095141-768x217.png 768w, https:\/\/prtest.ipowerworld.net\/wp-content\/uploads\/2024\/02\/Capture-decran-2024-02-06-095141.png 1346w\" sizes=\"(max-width: 1024px) 100vw, 1024px\" \/><button\n\t\t\tclass=\"lightbox-trigger\"\n\t\t\ttype=\"button\"\n\t\t\taria-haspopup=\"dialog\"\n\t\t\taria-label=\"Agrandir\"\n\t\t\tdata-wp-init=\"callbacks.initTriggerButton\"\n\t\t\tdata-wp-on--click=\"actions.showLightbox\"\n\t\t\tdata-wp-style--right=\"state.imageButtonRight\"\n\t\t\tdata-wp-style--top=\"state.imageButtonTop\"\n\t\t>\n\t\t\t<svg xmlns=\"http:\/\/www.w3.org\/2000\/svg\" width=\"12\" height=\"12\" fill=\"none\" viewBox=\"0 0 12 12\">\n\t\t\t\t<path fill=\"#fff\" d=\"M2 0a2 2 0 0 0-2 2v2h1.5V2a.5.5 0 0 1 .5-.5h2V0H2Zm2 10.5H2a.5.5 0 0 1-.5-.5V8H0v2a2 2 0 0 0 2 2h2v-1.5ZM8 12v-1.5h2a.5.5 0 0 0 .5-.5V8H12v2a2 2 0 0 1-2 2H8Zm2-12a2 2 0 0 1 2 2v2h-1.5V2a.5.5 0 0 0-.5-.5H8V0h2Z\" \/>\n\t\t\t<\/svg>\n\t\t<\/button><\/figure>\n\n\n\n<h3 class=\"wp-block-heading has-medium-font-size\" style=\"margin-top:12px\">Rapport annuel<\/h3>\n<\/div>\n<\/div>\n<\/div><\/div>\n\n\n\n<div class=\"wp-block-group alignfull has-background-background-color has-background\" style=\"margin-top:0;margin-bottom:0;padding-top:0\"><div class=\"wp-block-group__inner-container is-layout-constrained wp-block-group-is-layout-constrained\">\n<div class=\"wp-block-cover alignfull ext-import\"><span aria-hidden=\"true\" class=\"wp-block-cover__background has-black-background-color has-background-dim-60 has-background-dim\"><\/span><img decoding=\"async\" class=\"wp-block-cover__image-background\" alt=\"\" src=\"https:\/\/images.unsplash.com\/photo-1611288865035-d953889ce0aa?w=1280&amp;q=10&amp;auto=format,compress&amp;fm=avif&amp;fit=crop&amp;crop=entropy%2Cfaces&amp;auto=format%2Ccompress\" data-object-fit=\"cover\"\/><div class=\"wp-block-cover__inner-container is-layout-flow wp-block-cover-is-layout-flow\">\n<div class=\"wp-block-group\" style=\"padding-top:var(--wp--preset--spacing--80);padding-bottom:var(--wp--preset--spacing--80)\"><div class=\"wp-block-group__inner-container is-layout-constrained wp-block-group-is-layout-constrained\">\n<h1 class=\"wp-block-heading has-text-align-center has-white-color has-text-color\">Utilisez powerReport &#8211; regisseurs pour une meilleur gestion des revenus journaliers de votre h\u00f4pital<\/h1>\n\n\n\n<div class=\"wp-block-group alignwide is-content-justification-center\"><div class=\"wp-block-group__inner-container is-layout-constrained wp-block-group-is-layout-constrained\">\n<p class=\"has-text-align-center has-white-color has-text-color\" style=\"margin-top:16px;padding-right:var(--wp--preset--spacing--80);padding-left:var(--wp--preset--spacing--80)\">Nous croyons fermement que POWERREPORT-REGISSEURS simplifira la gestion de la collecte et du dispatching des revenus, optimisera les proc\u00e9dures d&#8217;audit et de reporting afin d&#8217;apporter a tous les intervenants plus de qui\u00e9tude et de performance a cette tache d\u00e9licate.<\/p>\n\n\n\n<div class=\"wp-block-buttons is-content-justification-center is-layout-flex wp-container-core-buttons-is-layout-a0be7b9c wp-block-buttons-is-layout-flex\" style=\"margin-top:var(--wp--preset--spacing--40)\">\n<div class=\"wp-block-button\"><a class=\"wp-block-button__link wp-element-button\">T\u00e9l\u00e9charger le logiciel<\/a><\/div>\n\n\n\n<div class=\"wp-block-button is-style-outline is-style-outline--2\"><a class=\"wp-block-button__link wp-element-button\" href=\"http:\/\/prtest.ipowerworld.net\/index.php\/contact\/\">Nous contacter<\/a><\/div>\n<\/div>\n<\/div><\/div>\n<\/div><\/div>\n<\/div><\/div>\n<\/div><\/div>\n","protected":false},"excerpt":{"rendered":"<p>A PROPOS DE NOTRE PRODUIT Gestion de la collecte et du dispatching des revenus Nous sommes partenaires de vos&nbsp;Innovations POWERREPORT-REGISSEURS est un logiciel de gestion des revenus des centres hospitaliers publics. Nous comprenons les d\u00e9fis uniques pour la visibilit\u00e9 des revenus d&#8217;un h\u00f4pital et nous sommes engag\u00e9s a vous fournir une solution flexible et simple&#8230;<\/p>\n","protected":false},"author":1,"featured_media":0,"parent":0,"menu_order":0,"comment_status":"closed","ping_status":"closed","template":"","meta":{"_uag_custom_page_level_css":"","_kad_post_transparent":"default","_kad_post_title":"hide","_kad_post_layout":"default","_kad_post_sidebar_id":"","_kad_post_content_style":"","_kad_post_vertical_padding":"hide","_kad_post_feature":"","_kad_post_feature_position":"","_kad_post_header":false,"_kad_post_footer":false,"footnotes":""},"class_list":["post-7","page","type-page","status-publish","hentry"],"jetpack_sharing_enabled":true,"uagb_featured_image_src":{"full":false,"thumbnail":false,"medium":false,"medium_large":false,"large":false,"1536x1536":false,"2048x2048":false,"mailpoet_newsletter_max":false,"woocommerce_thumbnail":false,"woocommerce_single":false,"woocommerce_gallery_thumbnail":false},"uagb_author_info":{"display_name":"MICHEL","author_link":"https:\/\/prtest.ipowerworld.net\/index.php\/author\/michel\/"},"uagb_comment_info":0,"uagb_excerpt":"A PROPOS DE NOTRE PRODUIT Gestion de la collecte et du dispatching des revenus Nous sommes partenaires de vos&nbsp;Innovations POWERREPORT-REGISSEURS est un logiciel de gestion des revenus des centres hospitaliers publics. Nous comprenons les d\u00e9fis uniques pour la visibilit\u00e9 des revenus d&#8217;un h\u00f4pital et nous sommes engag\u00e9s a vous fournir une solution flexible et simple...","_links":{"self":[{"href":"https:\/\/prtest.ipowerworld.net\/index.php\/wp-json\/wp\/v2\/pages\/7","targetHints":{"allow":["GET"]}}],"collection":[{"href":"https:\/\/prtest.ipowerworld.net\/index.php\/wp-json\/wp\/v2\/pages"}],"about":[{"href":"https:\/\/prtest.ipowerworld.net\/index.php\/wp-json\/wp\/v2\/types\/page"}],"author":[{"embeddable":true,"href":"https:\/\/prtest.ipowerworld.net\/index.php\/wp-json\/wp\/v2\/users\/1"}],"replies":[{"embeddable":true,"href":"https:\/\/prtest.ipowerworld.net\/index.php\/wp-json\/wp\/v2\/comments?post=7"}],"version-history":[{"count":146,"href":"https:\/\/prtest.ipowerworld.net\/index.php\/wp-json\/wp\/v2\/pages\/7\/revisions"}],"predecessor-version":[{"id":435,"href":"https:\/\/prtest.ipowerworld.net\/index.php\/wp-json\/wp\/v2\/pages\/7\/revisions\/435"}],"wp:attachment":[{"href":"https:\/\/prtest.ipowerworld.net\/index.php\/wp-json\/wp\/v2\/media?parent=7"}],"curies":[{"name":"wp","href":"https:\/\/api.w.org\/{rel}","templated":true}]}}